{"id":854,"date":"2024-11-12T22:04:11","date_gmt":"2024-11-12T22:04:11","guid":{"rendered":"https:\/\/sartdesigns.com\/?page_id=854"},"modified":"2024-11-12T22:09:20","modified_gmt":"2024-11-12T22:09:20","slug":"lamparas-de-muro","status":"publish","type":"page","link":"https:\/\/sartdesigns.com\/en\/lamparas-de-muro\/","title":{"rendered":"Wall Lamps"},"content":{"rendered":"<div data-elementor-type=\"wp-page\" data-elementor-id=\"854\" class=\"elementor elementor-854\" data-elementor-post-type=\"page\">\n\t\t\t\t<div class=\"elementor-element elementor-element-3a932610 e-con-full e-flex e-con e-parent\" data-id=\"3a932610\" data-element_type=\"container\" data-settings=\"{&quot;background_background&quot;:&quot;classic&quot;}\">\n\t\t<div class=\"elementor-element elementor-element-7845b2a0 e-flex e-con-boxed e-con e-child\" data-id=\"7845b2a0\" data-element_type=\"container\">\n\t\t\t\t\t<div class=\"e-con-inner\">\n\t\t\t\t<div class=\"elementor-element elementor-element-03c6a0c elementor-widget elementor-widget-heading\" data-id=\"03c6a0c\" data-element_type=\"widget\" data-widget_type=\"heading.default\">\n\t\t\t\t<div class=\"elementor-widget-container\">\n\t\t\t\t\t<h2 class=\"elementor-heading-title elementor-size-default\">Wall Lamps<\/h2>\t\t\t\t<\/div>\n\t\t\t\t<\/div>\n\t\t\t\t<div class=\"elementor-element elementor-element-503fbf8 elementor-widget elementor-widget-text-editor\" data-id=\"503fbf8\" data-element_type=\"widget\" data-widget_type=\"text-editor.default\">\n\t\t\t\t<div class=\"elementor-widget-container\">\n\t\t\t\t\t\t\t\t\t<p>They are ideal for adding indirect and decorative light in hallways or rest areas. They are an excellent choice for lighting without taking up much space.<\/p>\t\t\t\t\t\t\t\t<\/div>\n\t\t\t\t<\/div>\n\t\t\t\t\t<\/div>\n\t\t\t\t<\/div>\n\t\t\t\t<\/div>\n\t\t<div class=\"elementor-element elementor-element-8a63fe4 e-flex e-con-boxed e-con e-parent\" data-id=\"8a63fe4\" data-element_type=\"container\" data-settings=\"{&quot;background_background&quot;:&quot;classic&quot;}\">\n\t\t\t\t\t<div class=\"e-con-inner\">\n\t\t\t\t<div class=\"elementor-element elementor-element-d37a501 elementor-grid-2 elementor-grid-tablet-2 elementor-grid-mobile-2 elementor-products-grid elementor-wc-products elementor-show-pagination-border-yes elementor-widget elementor-widget-woocommerce-products\" data-id=\"d37a501\" data-element_type=\"widget\" data-widget_type=\"woocommerce-products.default\">\n\t\t\t\t<div class=\"elementor-widget-container\">\n\t\t\t\t\t<div class=\"woocommerce columns-2\"><div class=\"woocommerce-notices-wrapper\"><\/div><ul class=\"products elementor-grid columns-2\">\n<li class=\"product type-product post-840 status-publish first instock product_cat-lamparas-muro has-post-thumbnail shipping-taxable product-type-simple\">\n\t<a href=\"https:\/\/sartdesigns.com\/en\/product\/moku\/\" class=\"woocommerce-LoopProduct-link woocommerce-loop-product__link\"><img fetchpriority=\"high\" decoding=\"async\" width=\"300\" height=\"300\" src=\"https:\/\/sartdesigns.com\/wp-content\/uploads\/2024\/11\/moku-2-300x300.jpg\" class=\"attachment-woocommerce_thumbnail size-woocommerce_thumbnail\" alt=\"Moku\" srcset=\"https:\/\/sartdesigns.com\/wp-content\/uploads\/2024\/11\/moku-2-300x300.jpg 300w, https:\/\/sartdesigns.com\/wp-content\/uploads\/2024\/11\/moku-2-150x150.jpg 150w, https:\/\/sartdesigns.com\/wp-content\/uploads\/2024\/11\/moku-2-100x100.jpg 100w\" sizes=\"(max-width: 300px) 100vw, 300px\" \/><h2 class=\"woocommerce-loop-product__title\">Moku<\/h2>\n<\/a><a href=\"https:\/\/sartdesigns.com\/en\/product\/moku\/\" aria-describedby=\"woocommerce_loop_add_to_cart_link_describedby_840\" data-quantity=\"1\" class=\"button product_type_simple\" data-product_id=\"840\" data-product_sku=\"\" aria-label=\"Read more about \u201cMoku\u201d\" rel=\"nofollow\" data-success_message=\"\" data-no-translation=\"\" data-trp-gettext=\"\" data-no-translation-aria-label=\"\">Read more<\/a>\t<span id=\"woocommerce_loop_add_to_cart_link_describedby_840\" class=\"screen-reader-text\">\n\t\t\t<\/span>\n<\/li>\n<li class=\"product type-product post-843 status-publish last instock product_cat-lamparas-muro has-post-thumbnail shipping-taxable product-type-simple\">\n\t<a href=\"https:\/\/sartdesigns.com\/en\/product\/media-luna\/\" class=\"woocommerce-LoopProduct-link woocommerce-loop-product__link\"><img decoding=\"async\" width=\"300\" height=\"300\" src=\"https:\/\/sartdesigns.com\/wp-content\/uploads\/2024\/11\/medialuna-3-300x300.jpg\" class=\"attachment-woocommerce_thumbnail size-woocommerce_thumbnail\" alt=\"Media Luna\" srcset=\"https:\/\/sartdesigns.com\/wp-content\/uploads\/2024\/11\/medialuna-3-300x300.jpg 300w, https:\/\/sartdesigns.com\/wp-content\/uploads\/2024\/11\/medialuna-3-150x150.jpg 150w, https:\/\/sartdesigns.com\/wp-content\/uploads\/2024\/11\/medialuna-3-100x100.jpg 100w\" sizes=\"(max-width: 300px) 100vw, 300px\" \/><h2 class=\"woocommerce-loop-product__title\">Media Luna<\/h2>\n<\/a><a href=\"https:\/\/sartdesigns.com\/en\/product\/media-luna\/\" aria-describedby=\"woocommerce_loop_add_to_cart_link_describedby_843\" data-quantity=\"1\" class=\"button product_type_simple\" data-product_id=\"843\" data-product_sku=\"\" aria-label=\"Read more about \u201cMedia Luna\u201d\" rel=\"nofollow\" data-success_message=\"\" data-no-translation=\"\" data-trp-gettext=\"\" data-no-translation-aria-label=\"\">Read more<\/a>\t<span id=\"woocommerce_loop_add_to_cart_link_describedby_843\" class=\"screen-reader-text\">\n\t\t\t<\/span>\n<\/li>\n<\/ul>\n<\/div>\t\t\t\t<\/div>\n\t\t\t\t<\/div>\n\t\t\t\t\t<\/div>\n\t\t\t\t<\/div>\n\t\t<div class=\"elementor-element elementor-element-0e5bc75 e-flex e-con-boxed e-con e-parent\" data-id=\"0e5bc75\" data-element_type=\"container\" data-settings=\"{&quot;background_background&quot;:&quot;classic&quot;}\">\n\t\t\t\t\t<div class=\"e-con-inner\">\n\t\t\t\t<div class=\"elementor-element elementor-element-d22e3b5 elementor-cta--skin-cover elementor-widget elementor-widget-call-to-action\" data-id=\"d22e3b5\" data-element_type=\"widget\" data-widget_type=\"call-to-action.default\">\n\t\t\t\t<div class=\"elementor-widget-container\">\n\t\t\t\t\t\t\t<div class=\"elementor-cta\">\n\t\t\t\t\t<div class=\"elementor-cta__bg-wrapper\">\n\t\t\t\t<div class=\"elementor-cta__bg elementor-bg\" style=\"background-image: url();\" role=\"img\" aria-label=\"\"><\/div>\n\t\t\t\t<div class=\"elementor-cta__bg-overlay\"><\/div>\n\t\t\t<\/div>\n\t\t\t\t\t\t\t<div class=\"elementor-cta__content\">\n\t\t\t\t\n\t\t\t\t\t\t\t\t\t<h3 class=\"elementor-cta__title elementor-cta__content-item elementor-content-item\">\n\t\t\t\t\t\tDesign Your Lamp\t\t\t\t\t<\/h3>\n\t\t\t\t\n\t\t\t\t\t\t\t\t\t<div class=\"elementor-cta__description elementor-cta__content-item elementor-content-item\">\n\t\t\t\t\t\tDesign your lamp and share your ideas with us: choose materials, shapes, finishes, and dimensions. Our design team will transform your preferences into a work of art that will light up and highlight your space just as you imagine it.\t\t\t\t\t<\/div>\n\t\t\t\t\n\t\t\t\t\t\t\t\t\t<div class=\"elementor-cta__button-wrapper elementor-cta__content-item elementor-content-item\">\n\t\t\t\t\t<a class=\"elementor-cta__button elementor-button elementor-size-\" href=\"https:\/\/sartdesigns.com\/en\/disena-tu-lampara\/\">\n\t\t\t\t\t\tDesign now! \t\t\t\t\t<\/a>\n\t\t\t\t\t<\/div>\n\t\t\t\t\t\t\t<\/div>\n\t\t\t\t\t\t<\/div>\n\t\t\t\t\t\t<\/div>\n\t\t\t\t<\/div>\n\t\t\t\t\t<\/div>\n\t\t\t\t<\/div>\n\t\t\t\t<\/div>","protected":false},"excerpt":{"rendered":"<p>L\u00e1mparas de Muro Son ideales para a\u00f1adir luz indirecta y decorativa en pasillos o \u00e1reas de descanso. Son una excelente opci\u00f3n para iluminar sin ocupar mucho espacio. Dise\u00f1a tu l\u00e1mpara Dise\u00f1a tu l\u00e1mpara y cu\u00e9ntanos tus ideas: elige materiales, formas, acabados y dimensiones. Nuestro equipo de dise\u00f1adores transformar\u00e1 tus preferencias en una obra de arte [&hellip;]<\/p>","protected":false},"author":1,"featured_media":0,"parent":0,"menu_order":0,"comment_status":"closed","ping_status":"closed","template":"elementor_header_footer","meta":{"footnotes":""},"class_list":["post-854","page","type-page","status-publish","hentry"],"_links":{"self":[{"href":"https:\/\/sartdesigns.com\/en\/wp-json\/wp\/v2\/pages\/854","targetHints":{"allow":["GET"]}}],"collection":[{"href":"https:\/\/sartdesigns.com\/en\/wp-json\/wp\/v2\/pages"}],"about":[{"href":"https:\/\/sartdesigns.com\/en\/wp-json\/wp\/v2\/types\/page"}],"author":[{"embeddable":true,"href":"https:\/\/sartdesigns.com\/en\/wp-json\/wp\/v2\/users\/1"}],"replies":[{"embeddable":true,"href":"https:\/\/sartdesigns.com\/en\/wp-json\/wp\/v2\/comments?post=854"}],"version-history":[{"count":10,"href":"https:\/\/sartdesigns.com\/en\/wp-json\/wp\/v2\/pages\/854\/revisions"}],"predecessor-version":[{"id":870,"href":"https:\/\/sartdesigns.com\/en\/wp-json\/wp\/v2\/pages\/854\/revisions\/870"}],"wp:attachment":[{"href":"https:\/\/sartdesigns.com\/en\/wp-json\/wp\/v2\/media?parent=854"}],"curies":[{"name":"wp","href":"https:\/\/api.w.org\/{rel}","templated":true}]}}