{"id":849,"date":"2024-11-12T22:00:03","date_gmt":"2024-11-12T22:00:03","guid":{"rendered":"https:\/\/sartdesigns.com\/?page_id=849"},"modified":"2024-11-12T22:16:36","modified_gmt":"2024-11-12T22:16:36","slug":"lamparas-de-pie","status":"publish","type":"page","link":"https:\/\/sartdesigns.com\/en\/lamparas-de-pie\/","title":{"rendered":"Floor Lamps"},"content":{"rendered":"<div data-elementor-type=\"wp-page\" data-elementor-id=\"849\" class=\"elementor elementor-849\" data-elementor-post-type=\"page\">\n\t\t\t\t<div class=\"elementor-element elementor-element-3a932610 e-con-full e-flex e-con e-parent\" data-id=\"3a932610\" data-element_type=\"container\" data-settings=\"{&quot;background_background&quot;:&quot;classic&quot;}\">\n\t\t<div class=\"elementor-element elementor-element-7845b2a0 e-flex e-con-boxed e-con e-child\" data-id=\"7845b2a0\" data-element_type=\"container\">\n\t\t\t\t\t<div class=\"e-con-inner\">\n\t\t\t\t<div class=\"elementor-element elementor-element-03c6a0c elementor-widget elementor-widget-heading\" data-id=\"03c6a0c\" data-element_type=\"widget\" data-widget_type=\"heading.default\">\n\t\t\t\t<div class=\"elementor-widget-container\">\n\t\t\t\t\t<h2 class=\"elementor-heading-title elementor-size-default\">Floor Lamps<\/h2>\t\t\t\t<\/div>\n\t\t\t\t<\/div>\n\t\t\t\t<div class=\"elementor-element elementor-element-503fbf8 elementor-widget elementor-widget-text-editor\" data-id=\"503fbf8\" data-element_type=\"widget\" data-widget_type=\"text-editor.default\">\n\t\t\t\t<div class=\"elementor-widget-container\">\n\t\t\t\t\t\t\t\t\t<p>Tall and elegant, they are perfect for illuminating specific areas or providing ambient light in living rooms or bedrooms, and can be easily integrated into various spaces.<\/p>\t\t\t\t\t\t\t\t<\/div>\n\t\t\t\t<\/div>\n\t\t\t\t\t<\/div>\n\t\t\t\t<\/div>\n\t\t\t\t<\/div>\n\t\t<div class=\"elementor-element elementor-element-c431701 e-flex e-con-boxed e-con e-parent\" data-id=\"c431701\" data-element_type=\"container\" data-settings=\"{&quot;background_background&quot;:&quot;classic&quot;}\">\n\t\t\t\t\t<div class=\"e-con-inner\">\n\t\t\t\t<div class=\"elementor-element elementor-element-31dcb6f elementor-grid-3 elementor-grid-tablet-2 elementor-grid-mobile-2 elementor-products-grid elementor-wc-products elementor-show-pagination-border-yes elementor-widget elementor-widget-woocommerce-products\" data-id=\"31dcb6f\" data-element_type=\"widget\" data-widget_type=\"woocommerce-products.default\">\n\t\t\t\t<div class=\"elementor-widget-container\">\n\t\t\t\t\t<div class=\"woocommerce columns-3\"><div class=\"woocommerce-notices-wrapper\"><\/div><ul class=\"products elementor-grid columns-3\">\n<li class=\"product type-product post-830 status-publish first instock product_cat-lamparas-pie has-post-thumbnail shipping-taxable product-type-simple\">\n\t<a href=\"https:\/\/sartdesigns.com\/en\/product\/solara\/\" class=\"woocommerce-LoopProduct-link woocommerce-loop-product__link\"><img fetchpriority=\"high\" decoding=\"async\" width=\"300\" height=\"300\" src=\"https:\/\/sartdesigns.com\/wp-content\/uploads\/2024\/11\/solara-5-300x300.png\" class=\"attachment-woocommerce_thumbnail size-woocommerce_thumbnail\" alt=\"Solara\" srcset=\"https:\/\/sartdesigns.com\/wp-content\/uploads\/2024\/11\/solara-5-300x300.png 300w, https:\/\/sartdesigns.com\/wp-content\/uploads\/2024\/11\/solara-5-150x150.png 150w, https:\/\/sartdesigns.com\/wp-content\/uploads\/2024\/11\/solara-5-100x100.png 100w\" sizes=\"(max-width: 300px) 100vw, 300px\" \/><h2 class=\"woocommerce-loop-product__title\">Solara<\/h2>\n<\/a><a href=\"https:\/\/sartdesigns.com\/en\/product\/solara\/\" aria-describedby=\"woocommerce_loop_add_to_cart_link_describedby_830\" data-quantity=\"1\" class=\"button product_type_simple\" data-product_id=\"830\" data-product_sku=\"\" aria-label=\"Read more about \u201cSolara\u201d\" rel=\"nofollow\" data-success_message=\"\" data-no-translation=\"\" data-trp-gettext=\"\" data-no-translation-aria-label=\"\">Read more<\/a>\t<span id=\"woocommerce_loop_add_to_cart_link_describedby_830\" class=\"screen-reader-text\">\n\t\t\t<\/span>\n<\/li>\n<li class=\"product type-product post-834 status-publish instock product_cat-lamparas-pie has-post-thumbnail shipping-taxable product-type-simple\">\n\t<a href=\"https:\/\/sartdesigns.com\/en\/product\/numa-natura\/\" class=\"woocommerce-LoopProduct-link woocommerce-loop-product__link\"><img decoding=\"async\" width=\"300\" height=\"300\" src=\"https:\/\/sartdesigns.com\/wp-content\/uploads\/2024\/11\/numa-natura-300x300.png\" class=\"attachment-woocommerce_thumbnail size-woocommerce_thumbnail\" alt=\"Numa Natura\" srcset=\"https:\/\/sartdesigns.com\/wp-content\/uploads\/2024\/11\/numa-natura-300x300.png 300w, https:\/\/sartdesigns.com\/wp-content\/uploads\/2024\/11\/numa-natura-150x150.png 150w, https:\/\/sartdesigns.com\/wp-content\/uploads\/2024\/11\/numa-natura-100x100.png 100w\" sizes=\"(max-width: 300px) 100vw, 300px\" \/><h2 class=\"woocommerce-loop-product__title\">Numa Natura<\/h2>\n<\/a><a href=\"https:\/\/sartdesigns.com\/en\/product\/numa-natura\/\" aria-describedby=\"woocommerce_loop_add_to_cart_link_describedby_834\" data-quantity=\"1\" class=\"button product_type_simple\" data-product_id=\"834\" data-product_sku=\"\" aria-label=\"Read more about \u201cNuma Natura\u201d\" rel=\"nofollow\" data-success_message=\"\" data-no-translation=\"\" data-trp-gettext=\"\" data-no-translation-aria-label=\"\">Read more<\/a>\t<span id=\"woocommerce_loop_add_to_cart_link_describedby_834\" class=\"screen-reader-text\">\n\t\t\t<\/span>\n<\/li>\n<li class=\"product type-product post-923 status-publish last instock product_cat-lamparas-pie has-post-thumbnail shipping-taxable product-type-simple\">\n\t<a href=\"https:\/\/sartdesigns.com\/en\/product\/minka-blue-pie\/\" class=\"woocommerce-LoopProduct-link woocommerce-loop-product__link\"><img decoding=\"async\" width=\"300\" height=\"300\" src=\"https:\/\/sartdesigns.com\/wp-content\/uploads\/2024\/11\/minkablue-1-300x300.jpg\" class=\"attachment-woocommerce_thumbnail size-woocommerce_thumbnail\" alt=\"Minka Blue Pie\" srcset=\"https:\/\/sartdesigns.com\/wp-content\/uploads\/2024\/11\/minkablue-1-300x300.jpg 300w, https:\/\/sartdesigns.com\/wp-content\/uploads\/2024\/11\/minkablue-1-150x150.jpg 150w, https:\/\/sartdesigns.com\/wp-content\/uploads\/2024\/11\/minkablue-1-100x100.jpg 100w\" sizes=\"(max-width: 300px) 100vw, 300px\" \/><h2 class=\"woocommerce-loop-product__title\">Minka Blue Pie<\/h2>\n<\/a><a href=\"https:\/\/sartdesigns.com\/en\/product\/minka-blue-pie\/\" aria-describedby=\"woocommerce_loop_add_to_cart_link_describedby_923\" data-quantity=\"1\" class=\"button product_type_simple\" data-product_id=\"923\" data-product_sku=\"\" aria-label=\"Read more about \u201cMinka Blue Pie\u201d\" rel=\"nofollow\" data-success_message=\"\" data-no-translation=\"\" data-trp-gettext=\"\" data-no-translation-aria-label=\"\">Read more<\/a>\t<span id=\"woocommerce_loop_add_to_cart_link_describedby_923\" class=\"screen-reader-text\">\n\t\t\t<\/span>\n<\/li>\n<\/ul>\n<\/div>\t\t\t\t<\/div>\n\t\t\t\t<\/div>\n\t\t\t\t\t<\/div>\n\t\t\t\t<\/div>\n\t\t<div class=\"elementor-element elementor-element-0e5bc75 e-flex e-con-boxed e-con e-parent\" data-id=\"0e5bc75\" data-element_type=\"container\" data-settings=\"{&quot;background_background&quot;:&quot;classic&quot;}\">\n\t\t\t\t\t<div class=\"e-con-inner\">\n\t\t\t\t<div class=\"elementor-element elementor-element-d22e3b5 elementor-cta--skin-cover elementor-widget elementor-widget-call-to-action\" data-id=\"d22e3b5\" data-element_type=\"widget\" data-widget_type=\"call-to-action.default\">\n\t\t\t\t<div class=\"elementor-widget-container\">\n\t\t\t\t\t\t\t<div class=\"elementor-cta\">\n\t\t\t\t\t<div class=\"elementor-cta__bg-wrapper\">\n\t\t\t\t<div class=\"elementor-cta__bg elementor-bg\" style=\"background-image: url();\" role=\"img\" aria-label=\"\"><\/div>\n\t\t\t\t<div class=\"elementor-cta__bg-overlay\"><\/div>\n\t\t\t<\/div>\n\t\t\t\t\t\t\t<div class=\"elementor-cta__content\">\n\t\t\t\t\n\t\t\t\t\t\t\t\t\t<h3 class=\"elementor-cta__title elementor-cta__content-item elementor-content-item\">\n\t\t\t\t\t\tDesign Your Lamp\t\t\t\t\t<\/h3>\n\t\t\t\t\n\t\t\t\t\t\t\t\t\t<div class=\"elementor-cta__description elementor-cta__content-item elementor-content-item\">\n\t\t\t\t\t\tDesign your lamp and share your ideas with us: choose materials, shapes, finishes, and dimensions. Our design team will transform your preferences into a work of art that will light up and highlight your space just as you imagine it.\t\t\t\t\t<\/div>\n\t\t\t\t\n\t\t\t\t\t\t\t\t\t<div class=\"elementor-cta__button-wrapper elementor-cta__content-item elementor-content-item\">\n\t\t\t\t\t<a class=\"elementor-cta__button elementor-button elementor-size-\" href=\"https:\/\/sartdesigns.com\/en\/disena-tu-lampara\/\">\n\t\t\t\t\t\tDesign now! \t\t\t\t\t<\/a>\n\t\t\t\t\t<\/div>\n\t\t\t\t\t\t\t<\/div>\n\t\t\t\t\t\t<\/div>\n\t\t\t\t\t\t<\/div>\n\t\t\t\t<\/div>\n\t\t\t\t\t<\/div>\n\t\t\t\t<\/div>\n\t\t\t\t<\/div>","protected":false},"excerpt":{"rendered":"<p>L\u00e1mparas de Pie Altas y elegantes son perfectas para iluminar \u00e1reas espec\u00edficas o dar luz ambiental en salas o habitaciones, pueden integrarse f\u00e1cilmente en diferentes espacios. Dise\u00f1a tu l\u00e1mpara Dise\u00f1a tu l\u00e1mpara y cu\u00e9ntanos tus ideas: elige materiales, formas, acabados y dimensiones. Nuestro equipo de dise\u00f1adores transformar\u00e1 tus preferencias en una obra de arte que [&hellip;]<\/p>","protected":false},"author":1,"featured_media":0,"parent":0,"menu_order":0,"comment_status":"closed","ping_status":"closed","template":"elementor_header_footer","meta":{"footnotes":""},"class_list":["post-849","page","type-page","status-publish","hentry"],"_links":{"self":[{"href":"https:\/\/sartdesigns.com\/en\/wp-json\/wp\/v2\/pages\/849","targetHints":{"allow":["GET"]}}],"collection":[{"href":"https:\/\/sartdesigns.com\/en\/wp-json\/wp\/v2\/pages"}],"about":[{"href":"https:\/\/sartdesigns.com\/en\/wp-json\/wp\/v2\/types\/page"}],"author":[{"embeddable":true,"href":"https:\/\/sartdesigns.com\/en\/wp-json\/wp\/v2\/users\/1"}],"replies":[{"embeddable":true,"href":"https:\/\/sartdesigns.com\/en\/wp-json\/wp\/v2\/comments?post=849"}],"version-history":[{"count":8,"href":"https:\/\/sartdesigns.com\/en\/wp-json\/wp\/v2\/pages\/849\/revisions"}],"predecessor-version":[{"id":880,"href":"https:\/\/sartdesigns.com\/en\/wp-json\/wp\/v2\/pages\/849\/revisions\/880"}],"wp:attachment":[{"href":"https:\/\/sartdesigns.com\/en\/wp-json\/wp\/v2\/media?parent=849"}],"curies":[{"name":"wp","href":"https:\/\/api.w.org\/{rel}","templated":true}]}}