{"id":847,"date":"2024-11-12T21:58:36","date_gmt":"2024-11-12T21:58:36","guid":{"rendered":"https:\/\/sartdesigns.com\/?page_id=847"},"modified":"2024-11-14T21:40:42","modified_gmt":"2024-11-14T21:40:42","slug":"lamparas-de-mesa","status":"publish","type":"page","link":"https:\/\/sartdesigns.com\/en\/lamparas-de-mesa\/","title":{"rendered":"Table Lamps"},"content":{"rendered":"<div data-elementor-type=\"wp-page\" data-elementor-id=\"847\" class=\"elementor elementor-847\" data-elementor-post-type=\"page\">\n\t\t\t\t<div class=\"elementor-element elementor-element-3a932610 e-con-full e-flex e-con e-parent\" data-id=\"3a932610\" data-element_type=\"container\" data-settings=\"{&quot;background_background&quot;:&quot;classic&quot;}\">\n\t\t<div class=\"elementor-element elementor-element-7845b2a0 e-flex e-con-boxed e-con e-child\" data-id=\"7845b2a0\" data-element_type=\"container\">\n\t\t\t\t\t<div class=\"e-con-inner\">\n\t\t\t\t<div class=\"elementor-element elementor-element-03c6a0c elementor-widget elementor-widget-heading\" data-id=\"03c6a0c\" data-element_type=\"widget\" data-widget_type=\"heading.default\">\n\t\t\t\t<div class=\"elementor-widget-container\">\n\t\t\t\t\t<h2 class=\"elementor-heading-title elementor-size-default\">Table Lamps<\/h2>\t\t\t\t<\/div>\n\t\t\t\t<\/div>\n\t\t\t\t<div class=\"elementor-element elementor-element-503fbf8 elementor-widget elementor-widget-text-editor\" data-id=\"503fbf8\" data-element_type=\"widget\" data-widget_type=\"text-editor.default\">\n\t\t\t\t<div class=\"elementor-widget-container\">\n\t\t\t\t\t\t\t\t\t<p>Compact and functional, these lamps provide focused light and are ideal for reading, working, or adding a cozy ambiance to any corner.<\/p>\t\t\t\t\t\t\t\t<\/div>\n\t\t\t\t<\/div>\n\t\t\t\t\t<\/div>\n\t\t\t\t<\/div>\n\t\t\t\t<\/div>\n\t\t<div class=\"elementor-element elementor-element-817cb97 e-flex e-con-boxed e-con e-parent\" data-id=\"817cb97\" data-element_type=\"container\" data-settings=\"{&quot;background_background&quot;:&quot;classic&quot;}\">\n\t\t\t\t\t<div class=\"e-con-inner\">\n\t\t\t\t<div class=\"elementor-element elementor-element-8d46ccc elementor-grid-3 elementor-grid-tablet-2 elementor-grid-mobile-2 elementor-products-grid elementor-wc-products elementor-show-pagination-border-yes elementor-widget elementor-widget-woocommerce-products\" data-id=\"8d46ccc\" data-element_type=\"widget\" data-widget_type=\"woocommerce-products.default\">\n\t\t\t\t<div class=\"elementor-widget-container\">\n\t\t\t\t\t<div class=\"woocommerce columns-3\"><div class=\"woocommerce-notices-wrapper\"><\/div><ul class=\"products elementor-grid columns-3\">\n<li class=\"product type-product post-790 status-publish first instock product_cat-lamparas-mesa has-post-thumbnail shipping-taxable product-type-simple\">\n\t<a href=\"https:\/\/sartdesigns.com\/en\/product\/stratta-natura-sfera\/\" class=\"woocommerce-LoopProduct-link woocommerce-loop-product__link\"><img fetchpriority=\"high\" decoding=\"async\" width=\"300\" height=\"300\" src=\"https:\/\/sartdesigns.com\/wp-content\/uploads\/2024\/11\/strattanaturasfera-3-300x300.jpg\" class=\"attachment-woocommerce_thumbnail size-woocommerce_thumbnail\" alt=\"Stratta Natura Sfera\" srcset=\"https:\/\/sartdesigns.com\/wp-content\/uploads\/2024\/11\/strattanaturasfera-3-300x300.jpg 300w, https:\/\/sartdesigns.com\/wp-content\/uploads\/2024\/11\/strattanaturasfera-3-150x150.jpg 150w, https:\/\/sartdesigns.com\/wp-content\/uploads\/2024\/11\/strattanaturasfera-3-100x100.jpg 100w\" sizes=\"(max-width: 300px) 100vw, 300px\" \/><h2 class=\"woocommerce-loop-product__title\">Stratta Natura Sfera<\/h2>\n<\/a><a href=\"https:\/\/sartdesigns.com\/en\/product\/stratta-natura-sfera\/\" aria-describedby=\"woocommerce_loop_add_to_cart_link_describedby_790\" data-quantity=\"1\" class=\"button product_type_simple\" data-product_id=\"790\" data-product_sku=\"\" aria-label=\"Read more about \u201cStratta Natura Sfera\u201d\" rel=\"nofollow\" data-success_message=\"\" data-no-translation=\"\" data-trp-gettext=\"\" data-no-translation-aria-label=\"\">Read more<\/a>\t<span id=\"woocommerce_loop_add_to_cart_link_describedby_790\" class=\"screen-reader-text\">\n\t\t\t<\/span>\n<\/li>\n<li class=\"product type-product post-826 status-publish instock product_cat-lamparas-mesa has-post-thumbnail shipping-taxable product-type-simple\">\n\t<a href=\"https:\/\/sartdesigns.com\/en\/product\/numa-slob\/\" class=\"woocommerce-LoopProduct-link woocommerce-loop-product__link\"><img decoding=\"async\" width=\"300\" height=\"300\" src=\"https:\/\/sartdesigns.com\/wp-content\/uploads\/2024\/11\/numadetalle-3-300x300.jpg\" class=\"attachment-woocommerce_thumbnail size-woocommerce_thumbnail\" alt=\"Numa Slob\" srcset=\"https:\/\/sartdesigns.com\/wp-content\/uploads\/2024\/11\/numadetalle-3-300x300.jpg 300w, https:\/\/sartdesigns.com\/wp-content\/uploads\/2024\/11\/numadetalle-3-150x150.jpg 150w, https:\/\/sartdesigns.com\/wp-content\/uploads\/2024\/11\/numadetalle-3-100x100.jpg 100w\" sizes=\"(max-width: 300px) 100vw, 300px\" \/><h2 class=\"woocommerce-loop-product__title\">Numa Slob<\/h2>\n<\/a><a href=\"https:\/\/sartdesigns.com\/en\/product\/numa-slob\/\" aria-describedby=\"woocommerce_loop_add_to_cart_link_describedby_826\" data-quantity=\"1\" class=\"button product_type_simple\" data-product_id=\"826\" data-product_sku=\"\" aria-label=\"Read more about \u201cNuma Slob\u201d\" rel=\"nofollow\" data-success_message=\"\" data-no-translation=\"\" data-trp-gettext=\"\" data-no-translation-aria-label=\"\">Read more<\/a>\t<span id=\"woocommerce_loop_add_to_cart_link_describedby_826\" class=\"screen-reader-text\">\n\t\t\t<\/span>\n<\/li>\n<li class=\"product type-product post-810 status-publish last instock product_cat-lamparas-mesa has-post-thumbnail shipping-taxable product-type-simple\">\n\t<a href=\"https:\/\/sartdesigns.com\/en\/product\/numa-estriada-verde\/\" class=\"woocommerce-LoopProduct-link woocommerce-loop-product__link\"><img decoding=\"async\" width=\"300\" height=\"300\" src=\"https:\/\/sartdesigns.com\/wp-content\/uploads\/2024\/11\/numaestriada-3-300x300.jpg\" class=\"attachment-woocommerce_thumbnail size-woocommerce_thumbnail\" alt=\"Numa Estriada Verde\" srcset=\"https:\/\/sartdesigns.com\/wp-content\/uploads\/2024\/11\/numaestriada-3-300x300.jpg 300w, https:\/\/sartdesigns.com\/wp-content\/uploads\/2024\/11\/numaestriada-3-150x150.jpg 150w, https:\/\/sartdesigns.com\/wp-content\/uploads\/2024\/11\/numaestriada-3-100x100.jpg 100w\" sizes=\"(max-width: 300px) 100vw, 300px\" \/><h2 class=\"woocommerce-loop-product__title\">Numa Estriada Green<\/h2>\n<\/a><a href=\"https:\/\/sartdesigns.com\/en\/product\/numa-estriada-verde\/\" aria-describedby=\"woocommerce_loop_add_to_cart_link_describedby_810\" data-quantity=\"1\" class=\"button product_type_simple\" data-product_id=\"810\" data-product_sku=\"\" aria-label=\"Read more about \u201cNuma Estriada Verde\u201d\" rel=\"nofollow\" data-success_message=\"\" data-no-translation=\"\" data-trp-gettext=\"\" data-no-translation-aria-label=\"\">Read more<\/a>\t<span id=\"woocommerce_loop_add_to_cart_link_describedby_810\" class=\"screen-reader-text\">\n\t\t\t<\/span>\n<\/li>\n<li class=\"product type-product post-794 status-publish first instock product_cat-lamparas-mesa has-post-thumbnail shipping-taxable product-type-simple\">\n\t<a href=\"https:\/\/sartdesigns.com\/en\/product\/numa-sferas\/\" class=\"woocommerce-LoopProduct-link woocommerce-loop-product__link\"><img loading=\"lazy\" decoding=\"async\" width=\"300\" height=\"300\" src=\"https:\/\/sartdesigns.com\/wp-content\/uploads\/2024\/11\/numasferas-1-300x300.jpg\" class=\"attachment-woocommerce_thumbnail size-woocommerce_thumbnail\" alt=\"Numa Sferas\" srcset=\"https:\/\/sartdesigns.com\/wp-content\/uploads\/2024\/11\/numasferas-1-300x300.jpg 300w, https:\/\/sartdesigns.com\/wp-content\/uploads\/2024\/11\/numasferas-1-150x150.jpg 150w, https:\/\/sartdesigns.com\/wp-content\/uploads\/2024\/11\/numasferas-1-100x100.jpg 100w\" sizes=\"(max-width: 300px) 100vw, 300px\" \/><h2 class=\"woocommerce-loop-product__title\">Numa Sferas<\/h2>\n<\/a><a href=\"https:\/\/sartdesigns.com\/en\/product\/numa-sferas\/\" aria-describedby=\"woocommerce_loop_add_to_cart_link_describedby_794\" data-quantity=\"1\" class=\"button product_type_simple\" data-product_id=\"794\" data-product_sku=\"\" aria-label=\"Read more about \u201cNuma Sferas\u201d\" rel=\"nofollow\" data-success_message=\"\" data-no-translation=\"\" data-trp-gettext=\"\" data-no-translation-aria-label=\"\">Read more<\/a>\t<span id=\"woocommerce_loop_add_to_cart_link_describedby_794\" class=\"screen-reader-text\">\n\t\t\t<\/span>\n<\/li>\n<li class=\"product type-product post-802 status-publish instock product_cat-lamparas-mesa has-post-thumbnail shipping-taxable product-type-simple\">\n\t<a href=\"https:\/\/sartdesigns.com\/en\/product\/numa-parota\/\" class=\"woocommerce-LoopProduct-link woocommerce-loop-product__link\"><img loading=\"lazy\" decoding=\"async\" width=\"300\" height=\"300\" src=\"https:\/\/sartdesigns.com\/wp-content\/uploads\/2024\/11\/numabase-2-300x300.jpg\" class=\"attachment-woocommerce_thumbnail size-woocommerce_thumbnail\" alt=\"Numa Parota\" srcset=\"https:\/\/sartdesigns.com\/wp-content\/uploads\/2024\/11\/numabase-2-300x300.jpg 300w, https:\/\/sartdesigns.com\/wp-content\/uploads\/2024\/11\/numabase-2-150x150.jpg 150w, https:\/\/sartdesigns.com\/wp-content\/uploads\/2024\/11\/numabase-2-100x100.jpg 100w\" sizes=\"(max-width: 300px) 100vw, 300px\" \/><h2 class=\"woocommerce-loop-product__title\">Numa Parota<\/h2>\n<\/a><a href=\"https:\/\/sartdesigns.com\/en\/product\/numa-parota\/\" aria-describedby=\"woocommerce_loop_add_to_cart_link_describedby_802\" data-quantity=\"1\" class=\"button product_type_simple\" data-product_id=\"802\" data-product_sku=\"\" aria-label=\"Read more about \u201cNuma Parota\u201d\" rel=\"nofollow\" data-success_message=\"\" data-no-translation=\"\" data-trp-gettext=\"\" data-no-translation-aria-label=\"\">Read more<\/a>\t<span id=\"woocommerce_loop_add_to_cart_link_describedby_802\" class=\"screen-reader-text\">\n\t\t\t<\/span>\n<\/li>\n<li class=\"product type-product post-805 status-publish last instock product_cat-lamparas-mesa has-post-thumbnail shipping-taxable product-type-simple\">\n\t<a href=\"https:\/\/sartdesigns.com\/en\/product\/stratta-lino\/\" class=\"woocommerce-LoopProduct-link woocommerce-loop-product__link\"><img loading=\"lazy\" decoding=\"async\" width=\"300\" height=\"300\" src=\"https:\/\/sartdesigns.com\/wp-content\/uploads\/2024\/11\/strattalino-1-300x300.jpg\" class=\"attachment-woocommerce_thumbnail size-woocommerce_thumbnail\" alt=\"Stratta Lino\" srcset=\"https:\/\/sartdesigns.com\/wp-content\/uploads\/2024\/11\/strattalino-1-300x300.jpg 300w, https:\/\/sartdesigns.com\/wp-content\/uploads\/2024\/11\/strattalino-1-150x150.jpg 150w, https:\/\/sartdesigns.com\/wp-content\/uploads\/2024\/11\/strattalino-1-100x100.jpg 100w\" sizes=\"(max-width: 300px) 100vw, 300px\" \/><h2 class=\"woocommerce-loop-product__title\">Stratta Lino<\/h2>\n<\/a><a href=\"https:\/\/sartdesigns.com\/en\/product\/stratta-lino\/\" aria-describedby=\"woocommerce_loop_add_to_cart_link_describedby_805\" data-quantity=\"1\" class=\"button product_type_simple\" data-product_id=\"805\" data-product_sku=\"\" aria-label=\"Read more about \u201cStratta Lino\u201d\" rel=\"nofollow\" data-success_message=\"\" data-no-translation=\"\" data-trp-gettext=\"\" data-no-translation-aria-label=\"\">Read more<\/a>\t<span id=\"woocommerce_loop_add_to_cart_link_describedby_805\" class=\"screen-reader-text\">\n\t\t\t<\/span>\n<\/li>\n<li class=\"product type-product post-822 status-publish first instock product_cat-lamparas-mesa has-post-thumbnail shipping-taxable product-type-simple\">\n\t<a href=\"https:\/\/sartdesigns.com\/en\/product\/stratta-slob-negro\/\" class=\"woocommerce-LoopProduct-link woocommerce-loop-product__link\"><img loading=\"lazy\" decoding=\"async\" width=\"300\" height=\"300\" src=\"https:\/\/sartdesigns.com\/wp-content\/uploads\/2024\/11\/strattaslobnegro-3-300x300.jpg\" class=\"attachment-woocommerce_thumbnail size-woocommerce_thumbnail\" alt=\"Stratta Slob Negro\" srcset=\"https:\/\/sartdesigns.com\/wp-content\/uploads\/2024\/11\/strattaslobnegro-3-300x300.jpg 300w, https:\/\/sartdesigns.com\/wp-content\/uploads\/2024\/11\/strattaslobnegro-3-150x150.jpg 150w, https:\/\/sartdesigns.com\/wp-content\/uploads\/2024\/11\/strattaslobnegro-3-100x100.jpg 100w\" sizes=\"(max-width: 300px) 100vw, 300px\" \/><h2 class=\"woocommerce-loop-product__title\">Stratta Slob Black<\/h2>\n<\/a><a href=\"https:\/\/sartdesigns.com\/en\/product\/stratta-slob-negro\/\" aria-describedby=\"woocommerce_loop_add_to_cart_link_describedby_822\" data-quantity=\"1\" class=\"button product_type_simple\" data-product_id=\"822\" data-product_sku=\"\" aria-label=\"Read more about \u201cStratta Slob Negro\u201d\" rel=\"nofollow\" data-success_message=\"\" data-no-translation=\"\" data-trp-gettext=\"\" data-no-translation-aria-label=\"\">Read more<\/a>\t<span id=\"woocommerce_loop_add_to_cart_link_describedby_822\" class=\"screen-reader-text\">\n\t\t\t<\/span>\n<\/li>\n<li class=\"product type-product post-814 status-publish instock product_cat-lamparas-mesa has-post-thumbnail shipping-taxable product-type-simple\">\n\t<a href=\"https:\/\/sartdesigns.com\/en\/product\/numa-estriada-azul\/\" class=\"woocommerce-LoopProduct-link woocommerce-loop-product__link\"><img loading=\"lazy\" decoding=\"async\" width=\"300\" height=\"300\" src=\"https:\/\/sartdesigns.com\/wp-content\/uploads\/2024\/11\/numaestriadaazul-1-300x300.jpg\" class=\"attachment-woocommerce_thumbnail size-woocommerce_thumbnail\" alt=\"Numa Estriada Azul\" srcset=\"https:\/\/sartdesigns.com\/wp-content\/uploads\/2024\/11\/numaestriadaazul-1-300x300.jpg 300w, https:\/\/sartdesigns.com\/wp-content\/uploads\/2024\/11\/numaestriadaazul-1-150x150.jpg 150w, https:\/\/sartdesigns.com\/wp-content\/uploads\/2024\/11\/numaestriadaazul-1-100x100.jpg 100w\" sizes=\"(max-width: 300px) 100vw, 300px\" \/><h2 class=\"woocommerce-loop-product__title\">Numa Estriada Blue<\/h2>\n<\/a><a href=\"https:\/\/sartdesigns.com\/en\/product\/numa-estriada-azul\/\" aria-describedby=\"woocommerce_loop_add_to_cart_link_describedby_814\" data-quantity=\"1\" class=\"button product_type_simple\" data-product_id=\"814\" data-product_sku=\"\" aria-label=\"Read more about \u201cNuma Estriada Azul\u201d\" rel=\"nofollow\" data-success_message=\"\" data-no-translation=\"\" data-trp-gettext=\"\" data-no-translation-aria-label=\"\">Read more<\/a>\t<span id=\"woocommerce_loop_add_to_cart_link_describedby_814\" class=\"screen-reader-text\">\n\t\t\t<\/span>\n<\/li>\n<li class=\"product type-product post-798 status-publish last instock product_cat-lamparas-mesa has-post-thumbnail shipping-taxable product-type-simple\">\n\t<a href=\"https:\/\/sartdesigns.com\/en\/product\/numa-sferas-papel\/\" class=\"woocommerce-LoopProduct-link woocommerce-loop-product__link\"><img loading=\"lazy\" decoding=\"async\" width=\"300\" height=\"300\" src=\"https:\/\/sartdesigns.com\/wp-content\/uploads\/2024\/11\/numasferaspattern-2-300x300.jpg\" class=\"attachment-woocommerce_thumbnail size-woocommerce_thumbnail\" alt=\"Numa Sferas Papel\" srcset=\"https:\/\/sartdesigns.com\/wp-content\/uploads\/2024\/11\/numasferaspattern-2-300x300.jpg 300w, https:\/\/sartdesigns.com\/wp-content\/uploads\/2024\/11\/numasferaspattern-2-150x150.jpg 150w, https:\/\/sartdesigns.com\/wp-content\/uploads\/2024\/11\/numasferaspattern-2-100x100.jpg 100w\" sizes=\"(max-width: 300px) 100vw, 300px\" \/><h2 class=\"woocommerce-loop-product__title\">Numa Sferas Paper<\/h2>\n<\/a><a href=\"https:\/\/sartdesigns.com\/en\/product\/numa-sferas-papel\/\" aria-describedby=\"woocommerce_loop_add_to_cart_link_describedby_798\" data-quantity=\"1\" class=\"button product_type_simple\" data-product_id=\"798\" data-product_sku=\"\" aria-label=\"Read more about \u201cNuma Sferas Papel\u201d\" rel=\"nofollow\" data-success_message=\"\" data-no-translation=\"\" data-trp-gettext=\"\" data-no-translation-aria-label=\"\">Read more<\/a>\t<span id=\"woocommerce_loop_add_to_cart_link_describedby_798\" class=\"screen-reader-text\">\n\t\t\t<\/span>\n<\/li>\n<li class=\"product type-product post-818 status-publish first instock product_cat-lamparas-mesa has-post-thumbnail shipping-taxable product-type-simple\">\n\t<a href=\"https:\/\/sartdesigns.com\/en\/product\/stratta-slob\/\" class=\"woocommerce-LoopProduct-link woocommerce-loop-product__link\"><img loading=\"lazy\" decoding=\"async\" width=\"300\" height=\"300\" src=\"https:\/\/sartdesigns.com\/wp-content\/uploads\/2024\/11\/strattaslob-1-300x300.jpg\" class=\"attachment-woocommerce_thumbnail size-woocommerce_thumbnail\" alt=\"Stratta Slob\" srcset=\"https:\/\/sartdesigns.com\/wp-content\/uploads\/2024\/11\/strattaslob-1-300x300.jpg 300w, https:\/\/sartdesigns.com\/wp-content\/uploads\/2024\/11\/strattaslob-1-150x150.jpg 150w, https:\/\/sartdesigns.com\/wp-content\/uploads\/2024\/11\/strattaslob-1-100x100.jpg 100w\" sizes=\"(max-width: 300px) 100vw, 300px\" \/><h2 class=\"woocommerce-loop-product__title\">Stratta Slob<\/h2>\n<\/a><a href=\"https:\/\/sartdesigns.com\/en\/product\/stratta-slob\/\" aria-describedby=\"woocommerce_loop_add_to_cart_link_describedby_818\" data-quantity=\"1\" class=\"button product_type_simple\" data-product_id=\"818\" data-product_sku=\"\" aria-label=\"Read more about \u201cStratta Slob\u201d\" rel=\"nofollow\" data-success_message=\"\" data-no-translation=\"\" data-trp-gettext=\"\" data-no-translation-aria-label=\"\">Read more<\/a>\t<span id=\"woocommerce_loop_add_to_cart_link_describedby_818\" class=\"screen-reader-text\">\n\t\t\t<\/span>\n<\/li>\n<\/ul>\n<\/div>\t\t\t\t<\/div>\n\t\t\t\t<\/div>\n\t\t\t\t\t<\/div>\n\t\t\t\t<\/div>\n\t\t<div class=\"elementor-element elementor-element-0e5bc75 e-flex e-con-boxed e-con e-parent\" data-id=\"0e5bc75\" data-element_type=\"container\" data-settings=\"{&quot;background_background&quot;:&quot;classic&quot;}\">\n\t\t\t\t\t<div class=\"e-con-inner\">\n\t\t\t\t<div class=\"elementor-element elementor-element-d22e3b5 elementor-cta--skin-cover elementor-widget elementor-widget-call-to-action\" data-id=\"d22e3b5\" data-element_type=\"widget\" data-widget_type=\"call-to-action.default\">\n\t\t\t\t<div class=\"elementor-widget-container\">\n\t\t\t\t\t\t\t<div class=\"elementor-cta\">\n\t\t\t\t\t<div class=\"elementor-cta__bg-wrapper\">\n\t\t\t\t<div class=\"elementor-cta__bg elementor-bg\" style=\"background-image: url();\" role=\"img\" aria-label=\"\"><\/div>\n\t\t\t\t<div class=\"elementor-cta__bg-overlay\"><\/div>\n\t\t\t<\/div>\n\t\t\t\t\t\t\t<div class=\"elementor-cta__content\">\n\t\t\t\t\n\t\t\t\t\t\t\t\t\t<h3 class=\"elementor-cta__title elementor-cta__content-item elementor-content-item\">\n\t\t\t\t\t\tDesign Your Lamp\t\t\t\t\t<\/h3>\n\t\t\t\t\n\t\t\t\t\t\t\t\t\t<div class=\"elementor-cta__description elementor-cta__content-item elementor-content-item\">\n\t\t\t\t\t\tDesign your lamp and share your ideas with us: choose materials, shapes, finishes, and dimensions. Our design team will transform your preferences into a work of art that will light up and highlight your space just as you imagine it.\t\t\t\t\t<\/div>\n\t\t\t\t\n\t\t\t\t\t\t\t\t\t<div class=\"elementor-cta__button-wrapper elementor-cta__content-item elementor-content-item\">\n\t\t\t\t\t<a class=\"elementor-cta__button elementor-button elementor-size-\" href=\"https:\/\/sartdesigns.com\/en\/disena-tu-lampara\/\">\n\t\t\t\t\t\tDesign now! \t\t\t\t\t<\/a>\n\t\t\t\t\t<\/div>\n\t\t\t\t\t\t\t<\/div>\n\t\t\t\t\t\t<\/div>\n\t\t\t\t\t\t<\/div>\n\t\t\t\t<\/div>\n\t\t\t\t\t<\/div>\n\t\t\t\t<\/div>\n\t\t\t\t<\/div>","protected":false},"excerpt":{"rendered":"<p>L\u00e1mparas de Mesa Compactas y funcionales, estas l\u00e1mparas ofrecen una luz focal y son ideales para leer, trabajar o agregar un ambiente acogedor en cualquier rinc\u00f3n. Dise\u00f1a tu l\u00e1mpara Dise\u00f1a tu l\u00e1mpara y cu\u00e9ntanos tus ideas: elige materiales, formas, acabados y dimensiones. Nuestro equipo de dise\u00f1adores transformar\u00e1 tus preferencias en una obra de arte que [&hellip;]<\/p>","protected":false},"author":1,"featured_media":0,"parent":0,"menu_order":0,"comment_status":"closed","ping_status":"closed","template":"elementor_header_footer","meta":{"footnotes":""},"class_list":["post-847","page","type-page","status-publish","hentry"],"_links":{"self":[{"href":"https:\/\/sartdesigns.com\/en\/wp-json\/wp\/v2\/pages\/847","targetHints":{"allow":["GET"]}}],"collection":[{"href":"https:\/\/sartdesigns.com\/en\/wp-json\/wp\/v2\/pages"}],"about":[{"href":"https:\/\/sartdesigns.com\/en\/wp-json\/wp\/v2\/types\/page"}],"author":[{"embeddable":true,"href":"https:\/\/sartdesigns.com\/en\/wp-json\/wp\/v2\/users\/1"}],"replies":[{"embeddable":true,"href":"https:\/\/sartdesigns.com\/en\/wp-json\/wp\/v2\/comments?post=847"}],"version-history":[{"count":10,"href":"https:\/\/sartdesigns.com\/en\/wp-json\/wp\/v2\/pages\/847\/revisions"}],"predecessor-version":[{"id":955,"href":"https:\/\/sartdesigns.com\/en\/wp-json\/wp\/v2\/pages\/847\/revisions\/955"}],"wp:attachment":[{"href":"https:\/\/sartdesigns.com\/en\/wp-json\/wp\/v2\/media?parent=847"}],"curies":[{"name":"wp","href":"https:\/\/api.w.org\/{rel}","templated":true}]}}